{"id":396,"date":"2019-01-02T17:27:48","date_gmt":"2019-01-02T17:27:48","guid":{"rendered":"http:\/\/peterheidel.de\/?page_id=396"},"modified":"2019-01-02T18:21:59","modified_gmt":"2019-01-02T18:21:59","slug":"impressum","status":"publish","type":"page","link":"https:\/\/peterheidel.de\/?page_id=396","title":{"rendered":"Impressum"},"content":{"rendered":"\n<h2 class=\"wp-block-heading\" id=\"mce_3\">VERANTWORTLICH F\u00dcR DEN INHALT<\/h2>\n\n\n\n<p>Peter Heidel<br>Weiherweg 79<br>D-82194 Gr\u00f6benzell<br>Telefon: +49 151 22667626<br>E-Mail:\u00a0<a>peter@peterheidel.de<\/a><br>Internet:\u00a0<a href=\"http:\/\/www.peterheidel.de\/\">www.peterheidel.de<\/a><br><\/p>\n\n\n\n<h2 class=\"wp-block-heading\">HAFTUNG<\/h2>\n\n\n\n<p>Trotz sorgf\u00e4ltiger inhaltlicher Kontrolle \u00fcbernehmen wir keine Haftung f\u00fcr die Inhalte externer Links. F\u00fcr den Inhalt der verlinkten Seiten sind ausschlie\u00dflich deren Betreiber verantwortlich.<\/p>\n","protected":false},"excerpt":{"rendered":"<p>VERANTWORTLICH F\u00dcR DEN INHALT Peter HeidelWeiherweg 79D-82194 Gr\u00f6benzellTelefon: +49 151 22667626E-Mail:\u00a0peter@peterheidel.deInternet:\u00a0www.peterheidel.de HAFTUNG Trotz sorgf\u00e4ltiger inhaltlicher Kontrolle \u00fcbernehmen wir keine Haftung f\u00fcr die Inhalte externer Links. F\u00fcr den Inhalt der verlinkten Seiten sind ausschlie\u00dflich deren Betreiber verantwortlich.<\/p>\n","protected":false},"author":1,"featured_media":0,"parent":0,"menu_order":0,"comment_status":"closed","ping_status":"closed","template":"","meta":{"_genesis_hide_title":false,"_genesis_hide_breadcrumbs":false,"_genesis_hide_singular_image":false,"_genesis_hide_footer_widgets":false,"_genesis_custom_body_class":"","_genesis_custom_post_class":"","_genesis_layout":"","ngg_post_thumbnail":0,"footnotes":""},"class_list":{"0":"post-396","1":"page","2":"type-page","3":"status-publish","5":"entry"},"_links":{"self":[{"href":"https:\/\/peterheidel.de\/index.php?rest_route=\/wp\/v2\/pages\/396","targetHints":{"allow":["GET"]}}],"collection":[{"href":"https:\/\/peterheidel.de\/index.php?rest_route=\/wp\/v2\/pages"}],"about":[{"href":"https:\/\/peterheidel.de\/index.php?rest_route=\/wp\/v2\/types\/page"}],"author":[{"embeddable":true,"href":"https:\/\/peterheidel.de\/index.php?rest_route=\/wp\/v2\/users\/1"}],"replies":[{"embeddable":true,"href":"https:\/\/peterheidel.de\/index.php?rest_route=%2Fwp%2Fv2%2Fcomments&post=396"}],"version-history":[{"count":3,"href":"https:\/\/peterheidel.de\/index.php?rest_route=\/wp\/v2\/pages\/396\/revisions"}],"predecessor-version":[{"id":467,"href":"https:\/\/peterheidel.de\/index.php?rest_route=\/wp\/v2\/pages\/396\/revisions\/467"}],"wp:attachment":[{"href":"https:\/\/peterheidel.de\/index.php?rest_route=%2Fwp%2Fv2%2Fmedia&parent=396"}],"curies":[{"name":"wp","href":"https:\/\/api.w.org\/{rel}","templated":true}]}}