{"id":687,"date":"2019-01-03T12:11:06","date_gmt":"2019-01-03T12:11:06","guid":{"rendered":"http:\/\/peterheidel.de\/?page_id=687"},"modified":"2020-10-30T16:26:20","modified_gmt":"2020-10-30T15:26:20","slug":"ueber-mich","status":"publish","type":"page","link":"https:\/\/peterheidel.de\/?page_id=687","title":{"rendered":"\u00dcber mich"},"content":{"rendered":"\n<div class=\"wp-block-image\"><figure class=\"aligncenter size-large\"><img loading=\"lazy\" decoding=\"async\" width=\"2048\" height=\"1536\" src=\"https:\/\/peterheidel.de\/wp-content\/uploads\/2020\/02\/IMG_2316.jpeg\" alt=\"\" class=\"wp-image-1539\" srcset=\"https:\/\/peterheidel.de\/wp-content\/uploads\/2020\/02\/IMG_2316.jpeg 2048w, https:\/\/peterheidel.de\/wp-content\/uploads\/2020\/02\/IMG_2316-600x450.jpeg 600w, https:\/\/peterheidel.de\/wp-content\/uploads\/2020\/02\/IMG_2316-300x225.jpeg 300w, https:\/\/peterheidel.de\/wp-content\/uploads\/2020\/02\/IMG_2316-768x576.jpeg 768w, https:\/\/peterheidel.de\/wp-content\/uploads\/2020\/02\/IMG_2316-1536x1152.jpeg 1536w\" sizes=\"auto, (max-width: 2048px) 100vw, 2048px\" \/><figcaption>Danke an Michael G\u00fcnther <a href=\"https:\/\/www.heesebergstudio.com\/\">(Link)<\/a> f\u00fcr das Portr\u00e4t<br><\/figcaption><\/figure><\/div>\n\n\n\n<div class=\"wp-block-columns has-2-columns is-layout-flex wp-container-core-columns-is-layout-9d6595d7 wp-block-columns-is-layout-flex\">\n<div class=\"wp-block-column is-layout-flow wp-block-column-is-layout-flow\">\n<p><\/p>\n<\/div>\n\n\n\n<div class=\"wp-block-column is-layout-flow wp-block-column-is-layout-flow\">\n<p class=\"has-drop-cap\"><br><\/p>\n<\/div>\n<\/div>\n\n\n\n<p><strong>Vita<\/strong><br><\/p>\n\n\n\n<ul class=\"wp-block-list\"><li>Geboren 1964 in M\u00fchlbach<\/li><li>Studium der Informatik in M\u00fcnchen und Beginn meiner Leidenschaft f\u00fcr Fotografie<\/li><li>Seit 2012 liegt mein Schwerpunkt auf Portr\u00e4ts &#8211; von klassischen Aufnahmen bis zu &#8222;environmental portraits&#8220;<\/li><\/ul>\n\n\n\n<p><\/p>\n","protected":false},"excerpt":{"rendered":"<p>Vita Geboren 1964 in M\u00fchlbach Studium der Informatik in M\u00fcnchen und Beginn meiner Leidenschaft f\u00fcr Fotografie Seit 2012 liegt mein Schwerpunkt auf Portr\u00e4ts &#8211; von klassischen Aufnahmen bis zu &#8222;environmental portraits&#8220;<\/p>\n","protected":false},"author":1,"featured_media":0,"parent":0,"menu_order":0,"comment_status":"closed","ping_status":"closed","template":"","meta":{"_genesis_hide_title":true,"_genesis_hide_breadcrumbs":false,"_genesis_hide_singular_image":false,"_genesis_hide_footer_widgets":false,"_genesis_custom_body_class":"","_genesis_custom_post_class":"","_genesis_layout":"","ngg_post_thumbnail":0,"footnotes":""},"class_list":{"0":"post-687","1":"page","2":"type-page","3":"status-publish","5":"entry","6":"has-post-thumbnail"},"_links":{"self":[{"href":"https:\/\/peterheidel.de\/index.php?rest_route=\/wp\/v2\/pages\/687","targetHints":{"allow":["GET"]}}],"collection":[{"href":"https:\/\/peterheidel.de\/index.php?rest_route=\/wp\/v2\/pages"}],"about":[{"href":"https:\/\/peterheidel.de\/index.php?rest_route=\/wp\/v2\/types\/page"}],"author":[{"embeddable":true,"href":"https:\/\/peterheidel.de\/index.php?rest_route=\/wp\/v2\/users\/1"}],"replies":[{"embeddable":true,"href":"https:\/\/peterheidel.de\/index.php?rest_route=%2Fwp%2Fv2%2Fcomments&post=687"}],"version-history":[{"count":23,"href":"https:\/\/peterheidel.de\/index.php?rest_route=\/wp\/v2\/pages\/687\/revisions"}],"predecessor-version":[{"id":1551,"href":"https:\/\/peterheidel.de\/index.php?rest_route=\/wp\/v2\/pages\/687\/revisions\/1551"}],"wp:attachment":[{"href":"https:\/\/peterheidel.de\/index.php?rest_route=%2Fwp%2Fv2%2Fmedia&parent=687"}],"curies":[{"name":"wp","href":"https:\/\/api.w.org\/{rel}","templated":true}]}}