{"id":7877,"date":"2023-01-20T16:29:15","date_gmt":"2023-01-20T15:29:15","guid":{"rendered":"https:\/\/peterheidel.de\/shop\/"},"modified":"2025-05-11T10:44:07","modified_gmt":"2025-05-11T09:44:07","slug":"shop","status":"publish","type":"page","link":"https:\/\/peterheidel.de\/?page_id=7877","title":{"rendered":"Shop"},"content":{"rendered":"<div id=\"dynamic-ec-store-container\" class=\"\"><!-- IONOS eCommerce shopping cart plugin v 7.0.1 --><!--noptimize--><script data-cfasync=\"false\" type=\"text\/javascript\" src=\"https:\/\/app.ecwid.com\/script.js?83683970&data_platform=wporg&lang=de\"><\/script><script type=\"text\/javascript\">if (typeof jQuery !== undefined && jQuery.mobile) { jQuery.mobile.hashListeningEnabled = false; jQuery.mobile.pushStateEnabled=false; }<\/script><!--\/noptimize--><div id=\"ecwid-store-83683970\" class=\"ecwid-shopping-cart-product-browser\" data-ecwid-default-category-id=\"0\"><\/div><script data-cfasync=\"false\" data-no-optimize=\"1\" type=\"text\/javascript\">xProductBrowser(\"id=ecwid-store-83683970\",\"views=grid(20,3) list(60) table(60)\",\"default_page=\");<\/script><!-- END IONOS eCommerce Shopping Cart v 7.0.1 --><\/div>\n\n\n\n<p>Vor den 1970er Jahren waren zerrissene Jeans einfach eine Folge des \u00fcberm\u00e4\u00dfigen Tragens und wurden haupts\u00e4chlich mit den weniger Gl\u00fccklichen in Verbindung gebracht.&nbsp;&nbsp;<br>In den 1970er Jahren hatten die Sex Pistols die britische Punk-Ideologie gepr\u00e4gt, um gegen den Status quo und die konservative Regierungsform zu k\u00e4mpfen. Zur gleichen Zeit begann in Nordamerika die zerrissene Jeans zu einem Modestatement zu werden, das von kulturellen Ph\u00e4nomenen wie Iggy Pop vorangetrieben wurde, der behauptet, einer der ersten gewesen zu sein, der diesen Trend ausgel\u00f6st hat.&nbsp;<br>Obwohl die zerrissene Jeans ein subkulturelles Ph\u00e4nomen war, wurde der Trend in den 90er Jahren sehr popul\u00e4r und von einer Vielzahl kultureller Einfl\u00fcsse, von Kurt Cobain bis zum Hip-Hop, akzeptiert, wodurch er seinen Platz als Mainstream-Modeelement festigte.&nbsp;Mit der breiten Akzeptanz wurde die politische Vergangenheit der zerrissenen Jeans in den Hintergrund gedr\u00e4ngt, w\u00e4hrend ihre Attraktivit\u00e4t f\u00fcr immer mehr Menschen wuchs.<br>Heute tragen Menschen mit unterschiedlichem Geschmack zerrissene Kleidung, um sich auf verschiedene Weise auszudr\u00fccken. Letztendlich ist es wichtig, dem, was man tr\u00e4gt, eine Bedeutung zu geben, da es ein Mittel ist, seine Gedanken, seine Meinung und seine Fantasie zu symbolisieren.<\/p>\n\n\n\n<p>Erschienen ist das Buch im Eigenverlag, gedruckt wurde es in Italien bei Longo im Triton-Verfahren. Format 30x30cm, 132 Seiten auf 150 g\/m\u00b2 Arctic Volume white, Hardcover, alle Bilder in S\/W.<\/p>\n\nngg_shortcode_0_placeholder","protected":false},"excerpt":{"rendered":"<p>Vor den 1970er Jahren waren zerrissene Jeans einfach eine Folge des \u00fcberm\u00e4\u00dfigen Tragens und wurden haupts\u00e4chlich mit den weniger Gl\u00fccklichen in Verbindung gebracht.&nbsp;&nbsp;In den 1970er Jahren hatten die Sex Pistols die britische Punk-Ideologie gepr\u00e4gt, um gegen den Status quo und die konservative Regierungsform zu k\u00e4mpfen. Zur gleichen Zeit begann in Nordamerika die zerrissene Jeans zu&#8230;<\/p>\n<p class=\"more-link-wrap\"><a class=\"more-link\" href=\"https:\/\/peterheidel.de\/?page_id=7877\">Read More<\/a><\/p>\n","protected":false},"author":1,"featured_media":0,"parent":0,"menu_order":0,"comment_status":"closed","ping_status":"closed","template":"","meta":{"_genesis_hide_title":false,"_genesis_hide_breadcrumbs":false,"_genesis_hide_singular_image":false,"_genesis_hide_footer_widgets":false,"_genesis_custom_body_class":"","_genesis_custom_post_class":"","_genesis_layout":"","ngg_post_thumbnail":0,"footnotes":""},"class_list":{"0":"post-7877","1":"page","2":"type-page","3":"status-publish","5":"entry"},"_links":{"self":[{"href":"https:\/\/peterheidel.de\/index.php?rest_route=\/wp\/v2\/pages\/7877","targetHints":{"allow":["GET"]}}],"collection":[{"href":"https:\/\/peterheidel.de\/index.php?rest_route=\/wp\/v2\/pages"}],"about":[{"href":"https:\/\/peterheidel.de\/index.php?rest_route=\/wp\/v2\/types\/page"}],"author":[{"embeddable":true,"href":"https:\/\/peterheidel.de\/index.php?rest_route=\/wp\/v2\/users\/1"}],"replies":[{"embeddable":true,"href":"https:\/\/peterheidel.de\/index.php?rest_route=%2Fwp%2Fv2%2Fcomments&post=7877"}],"version-history":[{"count":8,"href":"https:\/\/peterheidel.de\/index.php?rest_route=\/wp\/v2\/pages\/7877\/revisions"}],"predecessor-version":[{"id":8208,"href":"https:\/\/peterheidel.de\/index.php?rest_route=\/wp\/v2\/pages\/7877\/revisions\/8208"}],"wp:attachment":[{"href":"https:\/\/peterheidel.de\/index.php?rest_route=%2Fwp%2Fv2%2Fmedia&parent=7877"}],"curies":[{"name":"wp","href":"https:\/\/api.w.org\/{rel}","templated":true}]}}