{"id":7879,"date":"2023-01-20T18:45:54","date_gmt":"2023-01-20T17:45:54","guid":{"rendered":"https:\/\/peterheidel.de\/?page_id=7879"},"modified":"2023-01-20T18:45:55","modified_gmt":"2023-01-20T17:45:55","slug":"agb","status":"publish","type":"page","link":"https:\/\/peterheidel.de\/?page_id=7879","title":{"rendered":"AGB"},"content":{"rendered":"\n<h2 class=\"wp-block-heading\"><strong>\u00a71 Geltungsbereich<\/strong><\/h2>\n\n\n\n<ol class=\"wp-block-list\">\n<li>Die nachstehenden Gesch\u00e4ftsbedingungen gelten f\u00fcr alle Vertr\u00e4ge, die ich\u00a0mit Verbrauchern im Rahmen meines\u00a0\u00a0elektronischen Bestelldienstes schlie\u00dfe. Verbraucher ist, wer den Vertrag zu einem Zweck abschlie\u00dft, der nicht seiner gewerblichen T\u00e4tigkeit zugerechnet werden kann.<\/li>\n\n\n\n<li>Der Kunde versichert, dass alle von ihm bei der Bestellung bzw. Registrierung im Online-Shop get\u00e4tigten Angaben (z.B. Name, Adresse, E-Mail-Adresse, Bankverbindung etc.) wahrheitsgem\u00e4\u00df sind. \u00c4nderungen sind mir unverz\u00fcglich mitzuteilen.<\/li>\n<\/ol>\n\n\n\n<h2 class=\"wp-block-heading\"><strong>\u00a72 Vertragsabschluss<\/strong><\/h2>\n\n\n\n<ol class=\"wp-block-list\">\n<li>Die im Online-Shop des Verk\u00e4ufers enthaltenen Produktbeschreibungen stellen keine verbindlichen Angebote seitens des Verk\u00e4ufers dar, sondern dienen zur Abgabe eines verbindlichen Angebots durch den Kunden. Durch Anklicken des Buttons \u201eIn den Warenkorb\u201c kann der Kunde die jeweiligen Ware in den virtuellen Warenkorb legen.<\/li>\n\n\n\n<li>Der Kunde kann das Angebot \u00fcber das in den Online-Shop des Verk\u00e4ufers integrierte Online-Bestellformular abgeben. Dabei gibt der Kunde, nachdem er die ausgew\u00e4hlten Waren in den virtuellen Warenkorb gelegt und den elektronischen Bestellprozess durchlaufen hat, durch Klicken des den Bestellvorgang abschlie\u00dfenden Buttons ein rechtlich verbindliches Vertragsangebot in Bezug auf die im Warenkorb enthaltenen Waren ab.<\/li>\n\n\n\n<li>Der Verk\u00e4ufer kann das Angebot des Kunden innerhalb von f\u00fcnf Tagen annehmen, indem er dem Kunden die bestellte Ware liefert, wobei insoweit der Zugang der Ware beim Kunden ma\u00dfgeblich ist.<\/li>\n\n\n\n<li>Vertragssprache ist ausschlie\u00dflich Deutsch.<\/li>\n<\/ol>\n\n\n\n<h2 class=\"wp-block-heading\"><strong>\u00a73 Preise und Zahlungsbedingungen<\/strong><\/h2>\n\n\n\n<ol class=\"wp-block-list\">\n<li>Sofern sich aus der Produktbeschreibung des Verk\u00e4ufers nichts anderes ergibt, handelt es sich bei den angegebenen Preisen um Gesamtpreise. Umsatzsteuer wird nicht ausgewiesen, da der Verk\u00e4ufer Kleinunternehmer im Sinne des \u00a719 UStG ist. Gegebenenfalls zus\u00e4tzlich anfallende Liefer- und Versandkosten werden in der jeweiligen Produktbeschreibung gesondert angegeben.<\/li>\n\n\n\n<li>Bei Lieferungen in L\u00e4nder au\u00dferhalb der Europ\u00e4ischen Union k\u00f6nnen im Einzelfall weitere Kosten anfallen, die der Verk\u00e4ufer nicht zu vertreten hat und die vom Kunden zu tragen sind. Hierzu z\u00e4hlen beispielsweise Kosten f\u00fcr die Geld\u00fcbermittlung durch Kreditinstitute (z.B. \u00dcberweisungsgeb\u00fchren, Wechselkursgeb\u00fchren) oder einfuhrrechtliche Abgaben bzw. Steuern (z.B. Z\u00f6lle). Solche Kosten k\u00f6nnen in Bezug auf die Geld\u00fcbermittlung auch dann anfallen, wenn die Lieferung nicht in ein Land au\u00dferhalb der Europ\u00e4ischen Union erfolgt, der Kunde die Zahlung aber von einem Land au\u00dferhalb der Europ\u00e4ischen Union aus vornimmt.<\/li>\n\n\n\n<li>Die Zahlungsm\u00f6glichkeit\/en wird\/werden dem Kunden im Online-Shop des Verk\u00e4ufers mitgeteilt.<\/li>\n\n\n\n<li>Ist Vorauskasse per Bank\u00fcberweisung vereinbart, ist die Zahlung sofort nach Vertragsabschluss f\u00e4llig, sofern die Parteien keinen sp\u00e4teren F\u00e4lligkeitstermin vereinbart haben.<\/li>\n\n\n\n<li>Bei Zahlungsverzug des Kunden oder sonst offenbar werdender Kreditunw\u00fcrdigkeit werden alle weiteren Forderungen gegen den Kunden sofort f\u00e4llig.<\/li>\n\n\n\n<li>Aufrechnungsrechte stehen dem Kunden nur mit von uns unbestrittenen oder rechtskr\u00e4ftig gegen uns festgestellten Forderungen zu. Zur Aus\u00fcbung eines Zur\u00fcckbehaltungsrechts ist der Kunde nur insoweit befugt, als sein Gegenanspruch auf dem gleichen Vertragsverh\u00e4ltnis beruht.<\/li>\n<\/ol>\n\n\n\n<h2 class=\"wp-block-heading\"><strong>\u00a74 Liefer und Versandbedingungen<\/strong><\/h2>\n\n\n\n<ol class=\"wp-block-list\">\n<li>Bietet der Verk\u00e4ufer den Versand der Ware an, so erfolgt die Lieferung innerhalb des vom Verk\u00e4ufer angegebenen Liefergebietes an die vom Kunden angegebene Lieferanschrift, sofern nichts anderes vereinbart ist. Bei der Abwicklung der Transaktion ist die in der Bestellabwicklung des Verk\u00e4ufers angegebene Lieferanschrift ma\u00dfgeblich.<\/li>\n\n\n\n<li>Scheitert die Zustellung der Ware aus Gr\u00fcnden, die der Kunde zu vertreten hat, tr\u00e4gt der Kunde die dem Verk\u00e4ufer hierdurch entstehenden angemessenen Kosten. Dies gilt im Hinblick auf die Kosten f\u00fcr die Hinsendung nicht, wenn der Kunde sein Widerrufsrecht wirksam aus\u00fcbt. F\u00fcr die Kosten der R\u00fccksendung gilt bei wirksamer Aus\u00fcbung des Widerrufsrechts durch den Kunden die in der Widerrufsbelehrung des Verk\u00e4ufers hierzu getroffene Regelung.<\/li>\n\n\n\n<li>Handelt der Kunde als Unternehmer, geht die Gefahr des zuf\u00e4lligen Untergangs und der zuf\u00e4lligen Verschlechterung der verkauften Ware auf den Kunden \u00fcber, sobald der Verk\u00e4ufer die Sache dem Spediteur, dem Frachtf\u00fchrer oder der sonst zur Ausf\u00fchrung der Versendung bestimmten Person oder Anstalt ausgeliefert hat. Handelt der Kunde als Verbraucher, geht die Gefahr des zuf\u00e4lligen Untergangs und der zuf\u00e4lligen Verschlechterung der verkauften Ware grunds\u00e4tzlich erst mit \u00dcbergabe der Ware an den Kunden oder eine empfangsberechtigte Person \u00fcber. Abweichend hiervon geht die Gefahr des zuf\u00e4lligen Untergangs und der zuf\u00e4lligen Verschlechterung der verkauften Ware auch bei Verbrauchern bereits auf den Kunden \u00fcber, sobald der Verk\u00e4ufer die Sache dem Spediteur, dem Frachtf\u00fchrer oder der sonst zur Ausf\u00fchrung der Versendung bestimmten Person oder Anstalt ausgeliefert hat, wenn der Kunde den Spediteur, den Frachtf\u00fchrer oder die sonst zur Ausf\u00fchrung der Versendung bestimmte Person oder Anstalt mit der Ausf\u00fchrung beauftragt und der Verk\u00e4ufer dem Kunden diese Person oder Anstalt zuvor nicht benannt hat.<\/li>\n\n\n\n<li>Der Verk\u00e4ufer beh\u00e4lt sich das Recht vor, im Falle nicht richtiger oder nicht ordnungsgem\u00e4\u00dfer Selbstbelieferung vom Vertrag zur\u00fcckzutreten. Dies gilt nur f\u00fcr den Fall, dass die Nichtlieferung nicht vom Verk\u00e4ufer zu vertreten ist und dieser mit der gebotenen Sorgfalt ein konkretes Deckungsgesch\u00e4ft mit dem Zulieferer abgeschlossen hat. Der Verk\u00e4ufer wird alle zumutbaren Anstrengungen unternehmen, um die Ware zu beschaffen. Im Falle der Nichtverf\u00fcgbarkeit oder der nur teilweisen Verf\u00fcgbarkeit der Ware wird der Kunde unverz\u00fcglich informiert und die Gegenleistung unverz\u00fcglich erstattet.<\/li>\n\n\n\n<li>Bietet der Verk\u00e4ufer die Ware zur Abholung an, so kann der Kunde die bestellte Ware innerhalb der vom Verk\u00e4ufer angegebenen Gesch\u00e4ftszeiten unter der vom Verk\u00e4ufer angegebenen Adresse abholen. In diesem Fall werden keine Versandkosten berechnet.<\/li>\n\n\n\n<li>Der Versand erfolgt mit\u00a0DHL.<\/li>\n<\/ol>\n\n\n\n<h2 class=\"wp-block-heading\"><strong>\u00a75 Eigentumsvorbehalt<\/strong><\/h2>\n\n\n\n<ol class=\"wp-block-list\">\n<li>Die gelieferte Ware bleibt bis zu ihrer vollst\u00e4ndigen Bezahlung mein\u00a0Eigentum.<\/li>\n\n\n\n<li>Zugriffe Dritter auf die Vorbehaltsware hat mir\u00a0der Kunde unverz\u00fcglich nach Bekanntwerden mitzuteilen. Der Kunde haftet f\u00fcr alle Kosten, die f\u00fcr die Aufhebung solcher Zugriffe anfallen, insbesondere durch Erhebung der Drittwiderspruchsklage, soweit die Erstattung der Kosten nicht von dem betreffenden Dritten zu erlangen ist.<\/li>\n\n\n\n<li>Verbrauchern steht grunds\u00e4tzlich ein Widerrufsrecht zu.<\/li>\n\n\n\n<li>N\u00e4here Informationen zum Widerrufsrecht ergeben sich aus der Widerrufsbelehrung des Verk\u00e4ufers.<\/li>\n\n\n\n<li>Das Widerrufsrecht gilt nicht f\u00fcr Verbraucher, die zum Zeitpunkt des Vertragsschlusses keinem Mitgliedstaat der Europ\u00e4ischen Union angeh\u00f6ren und deren alleiniger Wohnsitz und Lieferadresse zum Zeitpunkt des Vertragsschlusses au\u00dferhalb der Europ\u00e4ischen Union liegen.<\/li>\n<\/ol>\n\n\n\n<h2 class=\"wp-block-heading\"><strong>\u00a76 M\u00e4ngelhaftung (Gew\u00e4hrleistung)<\/strong><\/h2>\n\n\n\n<ol class=\"wp-block-list\">\n<li>Soweit sich aus den nachfolgenden Regelungen nichts anderes ergibt, gelten die Vorschriften der gesetzlichen M\u00e4ngelhaftung. Hiervon abweichend gilt bei Vertr\u00e4gen zur Lieferung von Waren:<\/li>\n\n\n\n<li>Handelt der Kunde als Unternehmer,\n<ul class=\"wp-block-list\">\n<li>hat der Verk\u00e4ufer die Wahl der Art der Nacherf\u00fcllung;<\/li>\n\n\n\n<li>betr\u00e4gt bei neuen Waren die Verj\u00e4hrungsfrist f\u00fcr M\u00e4ngel ein Jahr ab Ablieferung der Ware;<\/li>\n\n\n\n<li>sind bei gebrauchten Waren die Rechte und Anspr\u00fcche wegen M\u00e4ngeln ausgeschlossen;<\/li>\n\n\n\n<li>beginnt die Verj\u00e4hrung nicht erneut, wenn im Rahmen der M\u00e4ngelhaftung eine Ersatzlieferung erfolgt.<\/li>\n<\/ul>\n<\/li>\n\n\n\n<li>Die vorstehend geregelten Haftungsbeschr\u00e4nkungen und Fristverk\u00fcrzungen gelten nicht\n<ul class=\"wp-block-list\">\n<li>f\u00fcr Schadensersatz- und Aufwendungsersatzanspr\u00fcche des Kunden,<\/li>\n\n\n\n<li>f\u00fcr den Fall, dass der Verk\u00e4ufer den Mangel arglistig verschwiegen hat.<\/li>\n<\/ul>\n<\/li>\n\n\n\n<li>Dar\u00fcber hinaus gilt f\u00fcr Unternehmer, dass die gesetzlichen Verj\u00e4hrungsfristen f\u00fcr einen ggf. bestehenden gesetzlichen R\u00fcckgriffsanspruch unber\u00fchrt bleiben.<\/li>\n\n\n\n<li>Handelt der Kunde als Kaufmann i.S.d. \u00a7 1 HGB, trifft ihn die kaufm\u00e4nnische Untersuchungs- und R\u00fcgepflicht gem\u00e4\u00df \u00a7 377 HGB. Unterl\u00e4sst der Kunde die dort geregelten Anzeigepflichten, gilt die Ware als genehmigt.<\/li>\n\n\n\n<li>Handelt der Kunde als Verbraucher, so wird er gebeten, angelieferte Waren mit offensichtlichen Transportsch\u00e4den bei dem Zusteller zu reklamieren und den Verk\u00e4ufer hiervon in Kenntnis zu setzen. Kommt der Kunde dem nicht nach, hat dies keinerlei Auswirkungen auf seine gesetzlichen oder vertraglichen M\u00e4ngelanspr\u00fcche<\/li>\n<\/ol>\n\n\n\n<h2 class=\"wp-block-heading\"><strong>\u00a77 Urheberrechte<\/strong><\/h2>\n\n\n\n<p>Ich\u00a0weise darauf hin, dass s\u00e4mtliche Abbildungen und Fotos auf meiner\u00a0Website urheberrechtlich gesch\u00fctzt sind. Bitte haben Sie Verst\u00e4ndnis, dass Missbrauch verfolgt werden kann.<\/p>\n\n\n\n<h2 class=\"wp-block-heading\"><strong>\u00a78 Verbraucherstreitbeilegung<\/strong><\/h2>\n\n\n\n<p>Die EU-Kommission stellt eine Plattform f\u00fcr die au\u00dfergerichtliche Online-Streitbeilegung (OS-Plattform) bereit, die unter\u00a0<a rel=\"noreferrer noopener\" href=\"https:\/\/ec.europa.eu\/consumers\/odr\" target=\"_blank\">https:\/\/ec.europa.eu\/consumers\/odr<\/a>\u00a0aufrufbar ist. Wir sind weder bereit noch verpflichtet, an einem Streitbeilegungsverfahren vor einer Verbraucherschlichtungsstelle teilzunehmen.<\/p>\n\n\n\n<h2 class=\"wp-block-heading\"><strong>\u00a79 Anwendbares Recht<\/strong><\/h2>\n\n\n\n<ol class=\"wp-block-list\">\n<li>F\u00fcr s\u00e4mtliche Rechtsbeziehungen der Parteien gilt das Recht der Bundesrepublik Deutschland unter Ausschluss der Gesetze \u00fcber den internationalen Kauf beweglicher Waren. Bei Verbrauchern gilt diese Rechtswahl nur insoweit, als nicht der gew\u00e4hrte Schutz durch zwingende Bestimmungen des Rechts des Staates, in dem der Verbraucher seinen gew\u00f6hnlichen Aufenthalt hat, entzogen wird.<\/li>\n\n\n\n<li>Ferner gilt diese Rechtswahl im Hinblick auf das gesetzliche Widerrufsrecht nicht bei Verbrauchern, die zum Zeitpunkt des Vertragsschlusses keinem Mitgliedstaat der Europ\u00e4ischen Union angeh\u00f6ren und deren alleiniger Wohnsitz und Lieferadresse zum Zeitpunkt des Vertragsschlusses au\u00dferhalb der Europ\u00e4ischen Union liegen.<\/li>\n<\/ol>\n\n\n\n<h2 class=\"wp-block-heading\"><strong>\u00a710 Schlussbestimmungen<\/strong><\/h2>\n\n\n\n<ol class=\"wp-block-list\">\n<li>Dieser Vertrag enth\u00e4lt alle zwischen den Parteien \u00fcber den Vertragsgegenstand getroffenen Vereinbarungen. Nebenabreden bestehen nicht.<\/li>\n\n\n\n<li>Sollten einzelne Bestimmungen dieses Vertrages unwirksam oder undurchf\u00fchrbar sein, soll die Wirksamkeit der \u00fcbrigen Bestimmungen dadurch nicht ber\u00fchrt werden. Die unwirksame oder undurchf\u00fchrbare Bestimmung soll durch diejenige wirksame bzw. durchf\u00fchrbare Bestimmung ersetzt werden, die der unwirksamen oder undurchf\u00fchrbaren Bestimmung am n\u00e4chsten kommt.<\/li>\n<\/ol>\n","protected":false},"excerpt":{"rendered":"<p>\u00a71 Geltungsbereich \u00a72 Vertragsabschluss \u00a73 Preise und Zahlungsbedingungen \u00a74 Liefer und Versandbedingungen \u00a75 Eigentumsvorbehalt \u00a76 M\u00e4ngelhaftung (Gew\u00e4hrleistung) \u00a77 Urheberrechte Ich\u00a0weise darauf hin, dass s\u00e4mtliche Abbildungen und Fotos auf meiner\u00a0Website urheberrechtlich gesch\u00fctzt sind. Bitte haben Sie Verst\u00e4ndnis, dass Missbrauch verfolgt werden kann. \u00a78 Verbraucherstreitbeilegung Die EU-Kommission stellt eine Plattform f\u00fcr die au\u00dfergerichtliche Online-Streitbeilegung (OS-Plattform) bereit, die&#8230;<\/p>\n<p class=\"more-link-wrap\"><a class=\"more-link\" href=\"https:\/\/peterheidel.de\/?page_id=7879\">Read More<\/a><\/p>\n","protected":false},"author":1,"featured_media":0,"parent":0,"menu_order":0,"comment_status":"closed","ping_status":"closed","template":"","meta":{"_genesis_hide_title":false,"_genesis_hide_breadcrumbs":false,"_genesis_hide_singular_image":false,"_genesis_hide_footer_widgets":false,"_genesis_custom_body_class":"","_genesis_custom_post_class":"","_genesis_layout":"","ngg_post_thumbnail":0,"footnotes":""},"class_list":{"0":"post-7879","1":"page","2":"type-page","3":"status-publish","5":"entry"},"_links":{"self":[{"href":"https:\/\/peterheidel.de\/index.php?rest_route=\/wp\/v2\/pages\/7879","targetHints":{"allow":["GET"]}}],"collection":[{"href":"https:\/\/peterheidel.de\/index.php?rest_route=\/wp\/v2\/pages"}],"about":[{"href":"https:\/\/peterheidel.de\/index.php?rest_route=\/wp\/v2\/types\/page"}],"author":[{"embeddable":true,"href":"https:\/\/peterheidel.de\/index.php?rest_route=\/wp\/v2\/users\/1"}],"replies":[{"embeddable":true,"href":"https:\/\/peterheidel.de\/index.php?rest_route=%2Fwp%2Fv2%2Fcomments&post=7879"}],"version-history":[{"count":14,"href":"https:\/\/peterheidel.de\/index.php?rest_route=\/wp\/v2\/pages\/7879\/revisions"}],"predecessor-version":[{"id":7893,"href":"https:\/\/peterheidel.de\/index.php?rest_route=\/wp\/v2\/pages\/7879\/revisions\/7893"}],"wp:attachment":[{"href":"https:\/\/peterheidel.de\/index.php?rest_route=%2Fwp%2Fv2%2Fmedia&parent=7879"}],"curies":[{"name":"wp","href":"https:\/\/api.w.org\/{rel}","templated":true}]}}